{"id":199169,"date":"2020-10-09T10:31:58","date_gmt":"2020-10-09T18:31:58","guid":{"rendered":"https:\/\/peaceyard.com\/product\/vas-gerbera-2"},"modified":"2020-10-09T10:31:58","modified_gmt":"2020-10-09T18:31:58","slug":"vas-gerbera","status":"publish","type":"product","link":"https:\/\/peaceyard.com\/us\/product\/vas-gerbera","title":{"rendered":"Vas &#8211; Gerbera"},"content":{"rendered":"<pre id=\"tw-target-text\" class=\"tw-data-text tw-text-large tw-ta\" dir=\"ltr\" data-placeholder=\"\u00d6vers\u00e4ttning\"><span lang=\"en\">Svart plastvas.\nH\u00f6jd \u00f6ver marken \u00e4r 200 mm. \u00d6ppning 90 x 90 mm.<\/span><\/pre>\n","protected":false},"excerpt":{"rendered":"<p>Svart plastvas. H\u00f6jd \u00f6ver marken \u00e4r 200 mm. \u00d6ppning 90 x 90 mm.<\/p>\n","protected":false},"featured_media":0,"comment_status":"open","ping_status":"closed","template":"","meta":[],"product_cat":[],"product_tag":[],"yoast_head":"<!-- This site is optimized with the Yoast SEO Premium plugin v18.4 (Yoast SEO v18.8) - https:\/\/yoast.com\/wordpress\/plugins\/seo\/ -->\n<title>Vas - Gerbera &ndash; Peaceyard - bright memories<\/title>\n<meta name=\"robots\" content=\"index, follow, max-snippet:-1, max-image-preview:large, max-video-preview:-1\" \/>\n<link rel=\"canonical\" href=\"https:\/\/peaceyard.com\/us\/product\/vas-gerbera\" \/>\n<!-- \/ Yoast SEO Premium plugin. -->","yoast_head_json":{"title":"Vas - Gerbera &ndash; Peaceyard - bright memories","robots":{"index":"index","follow":"follow","max-snippet":"max-snippet:-1","max-image-preview":"max-image-preview:large","max-video-preview":"max-video-preview:-1"},"canonical":"https:\/\/peaceyard.com\/us\/product\/vas-gerbera"},"_links":{"self":[{"href":"https:\/\/peaceyard.com\/us\/wp-json\/wp\/v2\/product\/199169"}],"collection":[{"href":"https:\/\/peaceyard.com\/us\/wp-json\/wp\/v2\/product"}],"about":[{"href":"https:\/\/peaceyard.com\/us\/wp-json\/wp\/v2\/types\/product"}],"replies":[{"embeddable":true,"href":"https:\/\/peaceyard.com\/us\/wp-json\/wp\/v2\/comments?post=199169"}],"wp:attachment":[{"href":"https:\/\/peaceyard.com\/us\/wp-json\/wp\/v2\/media?parent=199169"}],"wp:term":[{"taxonomy":"product_cat","embeddable":true,"href":"https:\/\/peaceyard.com\/us\/wp-json\/wp\/v2\/product_cat?post=199169"},{"taxonomy":"product_tag","embeddable":true,"href":"https:\/\/peaceyard.com\/us\/wp-json\/wp\/v2\/product_tag?post=199169"}],"curies":[{"name":"wp","href":"https:\/\/api.w.org\/{rel}","templated":true}]}}